{"id":89,"date":"2024-01-05T15:45:58","date_gmt":"2024-01-05T20:45:58","guid":{"rendered":"https:\/\/copri.ca\/?page_id=89"},"modified":"2025-06-23T12:45:41","modified_gmt":"2025-06-23T16:45:41","slug":"ressources-pour-les-chercheurs","status":"publish","type":"page","link":"https:\/\/copri.ca\/en\/se-connecter\/ressources-pour-les-chercheurs\/","title":{"rendered":"Resources for researchers"},"content":{"rendered":"<p class=\"has-text-align-center has-contrast-color has-text-color has-link-color wp-elements-5c7bffee44f64fe661e6e9074c8e4430 wp-block-paragraph\" style=\"margin-top:var(--wp--preset--spacing--30);margin-right:0;margin-bottom:var(--wp--preset--spacing--30);margin-left:0;font-size:clamp(17.905px, 1.119rem + ((1vw - 3.2px) * 0.081), 28px);\">Dossier d&rsquo;accueil pour les professionnels de recherche<\/p>\n\n\n\n<figure class=\"wp-block-table is-style-stripes\"><table class=\"has-contrast-color has-text-color has-link-color has-fixed-layout\"><tbody><tr><td><strong>Subject<\/strong><\/td><td><strong>French<\/strong><\/td><td><strong>English<\/strong><\/td><\/tr><tr><td><strong>Context<\/strong><\/td><td><br><a href=\"https:\/\/copri.ca\/wp-content\/uploads\/2024\/07\/1.1-Soins-de-Sante-Primaires-Quebec-FR.pdf\">Soins de Sant\u00e9 Primaires Qu\u00e9bec FR.pdf<\/a><\/td><td><br><a href=\"https:\/\/copri.ca\/wp-content\/uploads\/2024\/01\/1_1_quebec-primary-care_20240108.pdf\">Qu\u00e9bec Primary Care.pdf<\/a><\/td><\/tr><tr><td><strong>Introduction<\/strong><\/td><td><br><a href=\"https:\/\/copri.ca\/wp-content\/uploads\/2024\/07\/1.2-COPRI-Introduction-FR.-pdf.pdf\">Introduction \u00e0 COPRI FR.pdf<\/a><\/td><td><br><a href=\"https:\/\/copri.ca\/wp-content\/uploads\/2024\/01\/1_2_mcpcc_intro.pdf\">COPRI Introduction.pdf<\/a><\/td><\/tr><tr><td><strong>Ethics and recruitment<\/strong><\/td><td><br><a href=\"https:\/\/copri.ca\/wp-content\/uploads\/2024\/07\/2-Research-Ethics-and-Participant-Recruitment-fr-pdf.pdf\">\u00c9thique de la Recherche et Recrutement.pdf<\/a><\/td><td><br><a href=\"https:\/\/copri.ca\/wp-content\/uploads\/2024\/07\/2-Research-Ethics-and-Participant-Recruitment-pdf.pdf\">Research Ethics and Participant Recruitment.pdf<\/a><\/td><\/tr><tr><td><strong>Formation de l&rsquo;assistant de recherche<\/strong><\/td><td><br><a href=\"https:\/\/copri.ca\/wp-content\/uploads\/2024\/07\/3.-Fonction-de-lAR-fr.pdf\">Fonction de l&rsquo;AR.pdf<\/a><\/td><td><br><a href=\"https:\/\/copri.ca\/wp-content\/uploads\/2024\/07\/3.-RA-Position.pdf.pdf\">RA Position.pdf<\/a><\/td><\/tr><tr><td><strong>Safety and wellbeing<\/strong><\/td><td><br><a href=\"https:\/\/copri.ca\/wp-content\/uploads\/2024\/07\/4.-Securite-et-Bien-etre-FR-pdf.pdf\">S\u00e9curit\u00e9 et Bien-\u00eatre FR.pdf<\/a><\/td><td><br><a href=\"https:\/\/copri.ca\/wp-content\/uploads\/2024\/07\/4.-Safety-and-Wellbeing.pdf\">Safety and Wellbeing.pdf<\/a><\/td><\/tr><tr><td><strong>Recruitment power point in 5 languages<\/strong><\/td><td><br><a href=\"https:\/\/copri.ca\/wp-content\/uploads\/2024\/12\/copri_recruitement-slides_v3_25jul2023.pptx\">COPRI diapos de recrutement<\/a> <\/td><td>&#8211;<\/td><\/tr><tr><td><strong>Procedure manual<\/strong><\/td><td><a href=\"https:\/\/copri.ca\/wp-content\/uploads\/2025\/04\/Copy-of-COPRI-Procedure-Manual-FREN.docx.pdf\" target=\"_blank\" rel=\"noreferrer noopener\">Manuel de proc\u00e9dures v2.0 Avr2025<\/a><\/td><td><a href=\"https:\/\/copri.ca\/wp-content\/uploads\/2025\/04\/Copy-of-COPRI-Procedure-Manual-ENG.docx-1.pdf\" target=\"_blank\" rel=\"noreferrer noopener\">Procedures Manual v2.0 Apr2025<\/a><\/td><\/tr><\/tbody><\/table><\/figure>\n\n\n\n<h2 class=\"wp-block-heading has-text-align-center is-style-default has-contrast-color has-text-color has-link-color wp-elements-006dcc03787d26decfc275abbbcea3aa\" style=\"margin-top:var(--wp--preset--spacing--40)\">INFORMATION FOR EACH SITE<\/h2>\n\n\n\n<div style=\"height:24px\" aria-hidden=\"true\" class=\"wp-block-spacer\"><\/div>\n\n\n\n<div class=\"wp-block-media-text is-stacked-on-mobile\"><figure class=\"wp-block-media-text__media\"><img data-recalc-dims=\"1\" loading=\"lazy\" decoding=\"async\" width=\"1008\" height=\"368\" data-attachment-id=\"157\" data-permalink=\"https:\/\/copri.ca\/en\/?attachment_id=157\" data-orig-file=\"https:\/\/i0.wp.com\/copri.ca\/wp-content\/uploads\/2024\/04\/screenshot-2024-04-04-at-2.38.41e280afpm.png?fit=1008%2C368&amp;ssl=1\" data-orig-size=\"1008,368\" data-comments-opened=\"1\" data-image-meta=\"{&quot;aperture&quot;:&quot;0&quot;,&quot;credit&quot;:&quot;&quot;,&quot;camera&quot;:&quot;&quot;,&quot;caption&quot;:&quot;&quot;,&quot;created_timestamp&quot;:&quot;0&quot;,&quot;copyright&quot;:&quot;&quot;,&quot;focal_length&quot;:&quot;0&quot;,&quot;iso&quot;:&quot;0&quot;,&quot;shutter_speed&quot;:&quot;0&quot;,&quot;title&quot;:&quot;&quot;,&quot;orientation&quot;:&quot;0&quot;}\" data-image-title=\"screenshot-2024-04-04-at-2.38.41e280afpm\" data-image-description=\"\" data-image-caption=\"\" data-large-file=\"https:\/\/i0.wp.com\/copri.ca\/wp-content\/uploads\/2024\/04\/screenshot-2024-04-04-at-2.38.41e280afpm.png?fit=1008%2C368&amp;ssl=1\" src=\"https:\/\/i0.wp.com\/copri.ca\/wp-content\/uploads\/2024\/04\/screenshot-2024-04-04-at-2.38.41e280afpm.png?resize=1008%2C368&#038;ssl=1\" alt=\"\" class=\"wp-image-157 size-full\"\/><\/figure><div class=\"wp-block-media-text__content\">\n<p class=\"has-contrast-color has-text-color has-link-color wp-elements-5a55961ee3b8675c7e53e2d4957a0504 wp-block-paragraph\"><a href=\"https:\/\/copri.ca\/en\/copri-universite-de-montreal\/\">Sites affiliated with the Universit\u00e9 de Montr\u00e9al<\/a><\/p>\n<\/div><\/div>\n\n\n\n<div style=\"height:67px\" aria-hidden=\"true\" class=\"wp-block-spacer\"><\/div>\n\n\n\n<div class=\"wp-block-media-text is-stacked-on-mobile\"><figure class=\"wp-block-media-text__media\"><img data-recalc-dims=\"1\" loading=\"lazy\" decoding=\"async\" width=\"1024\" height=\"422\" data-attachment-id=\"1241\" data-permalink=\"https:\/\/copri.ca\/en\/?attachment_id=1241\" data-orig-file=\"https:\/\/i0.wp.com\/copri.ca\/wp-content\/uploads\/2024\/04\/logo-universite-laval-couleur-transparent-dark.png?fit=1293%2C533&amp;ssl=1\" data-orig-size=\"1293,533\" data-comments-opened=\"0\" data-image-meta=\"{&quot;aperture&quot;:&quot;0&quot;,&quot;credit&quot;:&quot;&quot;,&quot;camera&quot;:&quot;&quot;,&quot;caption&quot;:&quot;&quot;,&quot;created_timestamp&quot;:&quot;0&quot;,&quot;copyright&quot;:&quot;&quot;,&quot;focal_length&quot;:&quot;0&quot;,&quot;iso&quot;:&quot;0&quot;,&quot;shutter_speed&quot;:&quot;0&quot;,&quot;title&quot;:&quot;&quot;,&quot;orientation&quot;:&quot;0&quot;}\" data-image-title=\"logo-universite-laval-couleur-transparent dark\" data-image-description=\"\" data-image-caption=\"\" data-large-file=\"https:\/\/i0.wp.com\/copri.ca\/wp-content\/uploads\/2024\/04\/logo-universite-laval-couleur-transparent-dark.png?fit=1024%2C422&amp;ssl=1\" src=\"https:\/\/i0.wp.com\/copri.ca\/wp-content\/uploads\/2024\/04\/logo-universite-laval-couleur-transparent-dark.png?resize=1024%2C422&#038;ssl=1\" alt=\"\" class=\"wp-image-1241 size-full\" srcset=\"https:\/\/i0.wp.com\/copri.ca\/wp-content\/uploads\/2024\/04\/logo-universite-laval-couleur-transparent-dark.png?resize=1024%2C422&amp;ssl=1 1024w, https:\/\/i0.wp.com\/copri.ca\/wp-content\/uploads\/2024\/04\/logo-universite-laval-couleur-transparent-dark.png?resize=300%2C124&amp;ssl=1 300w, https:\/\/i0.wp.com\/copri.ca\/wp-content\/uploads\/2024\/04\/logo-universite-laval-couleur-transparent-dark.png?resize=768%2C317&amp;ssl=1 768w, https:\/\/i0.wp.com\/copri.ca\/wp-content\/uploads\/2024\/04\/logo-universite-laval-couleur-transparent-dark.png?resize=18%2C7&amp;ssl=1 18w, https:\/\/i0.wp.com\/copri.ca\/wp-content\/uploads\/2024\/04\/logo-universite-laval-couleur-transparent-dark.png?resize=1200%2C495&amp;ssl=1 1200w, https:\/\/i0.wp.com\/copri.ca\/wp-content\/uploads\/2024\/04\/logo-universite-laval-couleur-transparent-dark.png?w=1293&amp;ssl=1 1293w\" sizes=\"auto, (max-width: 1000px) 100vw, 1000px\" \/><\/figure><div class=\"wp-block-media-text__content\">\n<p class=\"wp-block-paragraph\"><a href=\"https:\/\/copri.ca\/en\/copri-universite-laval\/\">Sites affili\u00e9s \u00e0 l&rsquo;Universit\u00e9 Laval<\/a><\/p>\n<\/div><\/div>\n\n\n\n<div style=\"height:100px\" aria-hidden=\"true\" class=\"wp-block-spacer\"><\/div>","protected":false},"excerpt":{"rendered":"<p>Dossier d&rsquo;accueil pour les professionnels de recherche Sujet Fran\u00e7ais Anglais Contexte Soins de Sant\u00e9 Primaires Qu\u00e9bec FR.pdf Qu\u00e9bec Primary Care.pdf Introduction Introduction \u00e0 COPRI FR.pdf COPRI Introduction.pdf \u00c9thique et recrutement \u00c9thique de la Recherche et Recrutement.pdf Research Ethics and Participant Recruitment.pdf Formation de l&rsquo;assistant de recherche Fonction de l&rsquo;AR.pdf RA Position.pdf S\u00e9curit\u00e9 et bien-\u00eatre S\u00e9curit\u00e9 [&hellip;]<\/p>\n","protected":false},"author":235718741,"featured_media":0,"parent":536,"menu_order":1,"comment_status":"closed","ping_status":"closed","template":"","meta":{"_crdt_document":"","jetpack_post_was_ever_published":false,"footnotes":""},"class_list":["post-89","page","type-page","status-publish","hentry"],"yoast_head":"<!-- This site is optimized with the Yoast SEO plugin v27.3 - https:\/\/yoast.com\/product\/yoast-seo-wordpress\/ -->\n<title>Ressources pour les chercheurs - info@copri.ca<\/title>\n<meta name=\"robots\" content=\"index, follow, max-snippet:-1, max-image-preview:large, max-video-preview:-1\" \/>\n<link rel=\"canonical\" href=\"https:\/\/copri.ca\/en\/se-connecter\/ressources-pour-les-chercheurs\/\" \/>\n<meta property=\"og:locale\" content=\"en_US\" \/>\n<meta property=\"og:type\" content=\"article\" \/>\n<meta property=\"og:title\" content=\"Ressources pour les chercheurs - info@copri.ca\" \/>\n<meta property=\"og:description\" content=\"Dossier d&rsquo;accueil pour les professionnels de recherche Sujet Fran\u00e7ais Anglais Contexte Soins de Sant\u00e9 Primaires Qu\u00e9bec FR.pdf Qu\u00e9bec Primary Care.pdf Introduction Introduction \u00e0 COPRI FR.pdf COPRI Introduction.pdf \u00c9thique et recrutement \u00c9thique de la Recherche et Recrutement.pdf Research Ethics and Participant Recruitment.pdf Formation de l&rsquo;assistant de recherche Fonction de l&rsquo;AR.pdf RA Position.pdf S\u00e9curit\u00e9 et bien-\u00eatre S\u00e9curit\u00e9 [&hellip;]\" \/>\n<meta property=\"og:url\" content=\"https:\/\/copri.ca\/en\/se-connecter\/ressources-pour-les-chercheurs\/\" \/>\n<meta property=\"og:site_name\" content=\"info@copri.ca\" \/>\n<meta property=\"article:modified_time\" content=\"2025-06-23T16:45:41+00:00\" \/>\n<meta property=\"og:image\" content=\"https:\/\/copri.ca\/wp-content\/uploads\/2024\/04\/screenshot-2024-04-04-at-2.38.41e280afpm.png?w=1008\" \/>\n<meta name=\"twitter:card\" content=\"summary_large_image\" \/>\n<meta name=\"twitter:label1\" content=\"Est. reading time\" \/>\n\t<meta name=\"twitter:data1\" content=\"1 minute\" \/>\n<script type=\"application\/ld+json\" class=\"yoast-schema-graph\">{\"@context\":\"https:\\\/\\\/schema.org\",\"@graph\":[{\"@type\":\"WebPage\",\"@id\":\"https:\\\/\\\/copri.ca\\\/se-connecter\\\/ressources-pour-les-chercheurs\\\/\",\"url\":\"https:\\\/\\\/copri.ca\\\/se-connecter\\\/ressources-pour-les-chercheurs\\\/\",\"name\":\"Ressources pour les chercheurs - info@copri.ca\",\"isPartOf\":{\"@id\":\"https:\\\/\\\/copri.ca\\\/#website\"},\"primaryImageOfPage\":{\"@id\":\"https:\\\/\\\/copri.ca\\\/se-connecter\\\/ressources-pour-les-chercheurs\\\/#primaryimage\"},\"image\":{\"@id\":\"https:\\\/\\\/copri.ca\\\/se-connecter\\\/ressources-pour-les-chercheurs\\\/#primaryimage\"},\"thumbnailUrl\":\"https:\\\/\\\/copri.ca\\\/wp-content\\\/uploads\\\/2024\\\/04\\\/screenshot-2024-04-04-at-2.38.41e280afpm.png?w=1008\",\"datePublished\":\"2024-01-05T20:45:58+00:00\",\"dateModified\":\"2025-06-23T16:45:41+00:00\",\"breadcrumb\":{\"@id\":\"https:\\\/\\\/copri.ca\\\/se-connecter\\\/ressources-pour-les-chercheurs\\\/#breadcrumb\"},\"inLanguage\":\"en-CA\",\"potentialAction\":[{\"@type\":\"ReadAction\",\"target\":[\"https:\\\/\\\/copri.ca\\\/se-connecter\\\/ressources-pour-les-chercheurs\\\/\"]}]},{\"@type\":\"ImageObject\",\"inLanguage\":\"en-CA\",\"@id\":\"https:\\\/\\\/copri.ca\\\/se-connecter\\\/ressources-pour-les-chercheurs\\\/#primaryimage\",\"url\":\"https:\\\/\\\/copri.ca\\\/wp-content\\\/uploads\\\/2024\\\/04\\\/screenshot-2024-04-04-at-2.38.41e280afpm.png?w=1008\",\"contentUrl\":\"https:\\\/\\\/copri.ca\\\/wp-content\\\/uploads\\\/2024\\\/04\\\/screenshot-2024-04-04-at-2.38.41e280afpm.png?w=1008\"},{\"@type\":\"BreadcrumbList\",\"@id\":\"https:\\\/\\\/copri.ca\\\/se-connecter\\\/ressources-pour-les-chercheurs\\\/#breadcrumb\",\"itemListElement\":[{\"@type\":\"ListItem\",\"position\":1,\"name\":\"Home\",\"item\":\"https:\\\/\\\/copri.ca\\\/\"},{\"@type\":\"ListItem\",\"position\":2,\"name\":\"Se Connecter\",\"item\":\"https:\\\/\\\/copri.ca\\\/se-connecter\\\/\"},{\"@type\":\"ListItem\",\"position\":3,\"name\":\"Ressources pour les chercheurs\"}]},{\"@type\":\"WebSite\",\"@id\":\"https:\\\/\\\/copri.ca\\\/#website\",\"url\":\"https:\\\/\\\/copri.ca\\\/\",\"name\":\"COhorte en soins PRImaires\",\"description\":\"(438) 793 8118\",\"publisher\":{\"@id\":\"https:\\\/\\\/copri.ca\\\/#organization\"},\"potentialAction\":[{\"@type\":\"SearchAction\",\"target\":{\"@type\":\"EntryPoint\",\"urlTemplate\":\"https:\\\/\\\/copri.ca\\\/?s={search_term_string}\"},\"query-input\":{\"@type\":\"PropertyValueSpecification\",\"valueRequired\":true,\"valueName\":\"search_term_string\"}}],\"inLanguage\":\"en-CA\"},{\"@type\":\"Organization\",\"@id\":\"https:\\\/\\\/copri.ca\\\/#organization\",\"name\":\"COPRI\",\"url\":\"https:\\\/\\\/copri.ca\\\/\",\"logo\":{\"@type\":\"ImageObject\",\"inLanguage\":\"en-CA\",\"@id\":\"https:\\\/\\\/copri.ca\\\/#\\\/schema\\\/logo\\\/image\\\/\",\"url\":\"https:\\\/\\\/i0.wp.com\\\/copri.ca\\\/wp-content\\\/uploads\\\/2024\\\/04\\\/MicrosoftTeams-image.png?fit=662%2C377&ssl=1\",\"contentUrl\":\"https:\\\/\\\/i0.wp.com\\\/copri.ca\\\/wp-content\\\/uploads\\\/2024\\\/04\\\/MicrosoftTeams-image.png?fit=662%2C377&ssl=1\",\"width\":662,\"height\":377,\"caption\":\"COPRI\"},\"image\":{\"@id\":\"https:\\\/\\\/copri.ca\\\/#\\\/schema\\\/logo\\\/image\\\/\"}}]}<\/script>\n<!-- \/ Yoast SEO plugin. -->","yoast_head_json":{"title":"Ressources pour les chercheurs - info@copri.ca","robots":{"index":"index","follow":"follow","max-snippet":"max-snippet:-1","max-image-preview":"max-image-preview:large","max-video-preview":"max-video-preview:-1"},"canonical":"https:\/\/copri.ca\/en\/se-connecter\/ressources-pour-les-chercheurs\/","og_locale":"en_US","og_type":"article","og_title":"Ressources pour les chercheurs - info@copri.ca","og_description":"Dossier d&rsquo;accueil pour les professionnels de recherche Sujet Fran\u00e7ais Anglais Contexte Soins de Sant\u00e9 Primaires Qu\u00e9bec FR.pdf Qu\u00e9bec Primary Care.pdf Introduction Introduction \u00e0 COPRI FR.pdf COPRI Introduction.pdf \u00c9thique et recrutement \u00c9thique de la Recherche et Recrutement.pdf Research Ethics and Participant Recruitment.pdf Formation de l&rsquo;assistant de recherche Fonction de l&rsquo;AR.pdf RA Position.pdf S\u00e9curit\u00e9 et bien-\u00eatre S\u00e9curit\u00e9 [&hellip;]","og_url":"https:\/\/copri.ca\/en\/se-connecter\/ressources-pour-les-chercheurs\/","og_site_name":"info@copri.ca","article_modified_time":"2025-06-23T16:45:41+00:00","og_image":[{"url":"https:\/\/copri.ca\/wp-content\/uploads\/2024\/04\/screenshot-2024-04-04-at-2.38.41e280afpm.png?w=1008","type":"","width":"","height":""}],"twitter_card":"summary_large_image","twitter_misc":{"Est. reading time":"1 minute"},"schema":{"@context":"https:\/\/schema.org","@graph":[{"@type":"WebPage","@id":"https:\/\/copri.ca\/se-connecter\/ressources-pour-les-chercheurs\/","url":"https:\/\/copri.ca\/se-connecter\/ressources-pour-les-chercheurs\/","name":"Ressources pour les chercheurs - info@copri.ca","isPartOf":{"@id":"https:\/\/copri.ca\/#website"},"primaryImageOfPage":{"@id":"https:\/\/copri.ca\/se-connecter\/ressources-pour-les-chercheurs\/#primaryimage"},"image":{"@id":"https:\/\/copri.ca\/se-connecter\/ressources-pour-les-chercheurs\/#primaryimage"},"thumbnailUrl":"https:\/\/copri.ca\/wp-content\/uploads\/2024\/04\/screenshot-2024-04-04-at-2.38.41e280afpm.png?w=1008","datePublished":"2024-01-05T20:45:58+00:00","dateModified":"2025-06-23T16:45:41+00:00","breadcrumb":{"@id":"https:\/\/copri.ca\/se-connecter\/ressources-pour-les-chercheurs\/#breadcrumb"},"inLanguage":"en-CA","potentialAction":[{"@type":"ReadAction","target":["https:\/\/copri.ca\/se-connecter\/ressources-pour-les-chercheurs\/"]}]},{"@type":"ImageObject","inLanguage":"en-CA","@id":"https:\/\/copri.ca\/se-connecter\/ressources-pour-les-chercheurs\/#primaryimage","url":"https:\/\/copri.ca\/wp-content\/uploads\/2024\/04\/screenshot-2024-04-04-at-2.38.41e280afpm.png?w=1008","contentUrl":"https:\/\/copri.ca\/wp-content\/uploads\/2024\/04\/screenshot-2024-04-04-at-2.38.41e280afpm.png?w=1008"},{"@type":"BreadcrumbList","@id":"https:\/\/copri.ca\/se-connecter\/ressources-pour-les-chercheurs\/#breadcrumb","itemListElement":[{"@type":"ListItem","position":1,"name":"Home","item":"https:\/\/copri.ca\/"},{"@type":"ListItem","position":2,"name":"Se Connecter","item":"https:\/\/copri.ca\/se-connecter\/"},{"@type":"ListItem","position":3,"name":"Ressources pour les chercheurs"}]},{"@type":"WebSite","@id":"https:\/\/copri.ca\/#website","url":"https:\/\/copri.ca\/","name":"COhorte en soins PRImaires","description":"(438) 793 8118","publisher":{"@id":"https:\/\/copri.ca\/#organization"},"potentialAction":[{"@type":"SearchAction","target":{"@type":"EntryPoint","urlTemplate":"https:\/\/copri.ca\/?s={search_term_string}"},"query-input":{"@type":"PropertyValueSpecification","valueRequired":true,"valueName":"search_term_string"}}],"inLanguage":"en-CA"},{"@type":"Organization","@id":"https:\/\/copri.ca\/#organization","name":"COPRI","url":"https:\/\/copri.ca\/","logo":{"@type":"ImageObject","inLanguage":"en-CA","@id":"https:\/\/copri.ca\/#\/schema\/logo\/image\/","url":"https:\/\/i0.wp.com\/copri.ca\/wp-content\/uploads\/2024\/04\/MicrosoftTeams-image.png?fit=662%2C377&ssl=1","contentUrl":"https:\/\/i0.wp.com\/copri.ca\/wp-content\/uploads\/2024\/04\/MicrosoftTeams-image.png?fit=662%2C377&ssl=1","width":662,"height":377,"caption":"COPRI"},"image":{"@id":"https:\/\/copri.ca\/#\/schema\/logo\/image\/"}}]}},"jetpack_likes_enabled":true,"jetpack_sharing_enabled":true,"jetpack_shortlink":"https:\/\/wp.me\/PeQSJX-1r","jetpack-related-posts":[],"_links":{"self":[{"href":"https:\/\/copri.ca\/en\/wp-json\/wp\/v2\/pages\/89","targetHints":{"allow":["GET"]}}],"collection":[{"href":"https:\/\/copri.ca\/en\/wp-json\/wp\/v2\/pages"}],"about":[{"href":"https:\/\/copri.ca\/en\/wp-json\/wp\/v2\/types\/page"}],"author":[{"embeddable":true,"href":"https:\/\/copri.ca\/en\/wp-json\/wp\/v2\/users\/235718741"}],"replies":[{"embeddable":true,"href":"https:\/\/copri.ca\/en\/wp-json\/wp\/v2\/comments?post=89"}],"version-history":[{"count":100,"href":"https:\/\/copri.ca\/en\/wp-json\/wp\/v2\/pages\/89\/revisions"}],"predecessor-version":[{"id":2362,"href":"https:\/\/copri.ca\/en\/wp-json\/wp\/v2\/pages\/89\/revisions\/2362"}],"up":[{"embeddable":true,"href":"https:\/\/copri.ca\/en\/wp-json\/wp\/v2\/pages\/536"}],"wp:attachment":[{"href":"https:\/\/copri.ca\/en\/wp-json\/wp\/v2\/media?parent=89"}],"curies":[{"name":"wp","href":"https:\/\/api.w.org\/{rel}","templated":true}]}}